{"id":2713,"date":"2019-11-15T17:05:25","date_gmt":"2019-11-15T17:05:25","guid":{"rendered":"https:\/\/sunrisebeb.com\/?page_id=2713"},"modified":"2026-01-19T15:54:21","modified_gmt":"2026-01-19T15:54:21","slug":"preise","status":"publish","type":"page","link":"https:\/\/sunrisebeb.com\/de\/preise\/","title":{"rendered":"Preise 2026"},"content":{"rendered":"\n<h2 class=\"wp-block-heading\">Preise  2026 B&amp;B Sunrise <a href=\"https:\/\/www.visittuscany.com\/fr\/villes-villages\/massarosa\/\" target=\"_blank\" rel=\"noopener\">Massarosa<\/a>  hat das ganze Jahr f\u00fcr Sie ge\u00f6ffnet. <\/h2>\n\n\n\n<p>Alle Preise sind pro Tag und pro <a href=\"https:\/\/sunrisebeb.com\/de\/zimmern-bb-sunrise\/\">Zimmer <\/a>angegeben; Fr\u00fchst\u00fcck und Klimaanlage inklusive.<\/p>\n\n\n\n<h3 class=\"wp-block-heading\">Zimmer mit eigenem Bad f\u00fcr eine Nacht<\/h3>\n\n\n\n<h2 class=\"wp-block-heading\">Preise  JAHR 2026<\/h2>\n\n\n\n<h3 class=\"wp-block-heading\">Preise Jahr 2026  DOPPELZIMMER<\/h3>\n\n\n\n<p>01.01 &#8211; 14.06 MIN 60 \u20ac &#8211; MAX 65 \u20ac<\/p>\n\n\n\n<p>15.06 &#8211; 16.07 MIN 69 &#8211; MAX 75 \u20ac<\/p>\n\n\n\n<p>17.07 &#8211; 06.08 MIN 70 \u20ac &#8211; MAX 75 \u20ac<\/p>\n\n\n\n<p>07.08 &#8211; 22.08 MIN 75 &#8211; MAX 80 \u20ac<\/p>\n\n\n\n<p>23.08 &#8211; 31.08 MIN 65 &#8211; MAX 70 \u20ac<\/p>\n\n\n\n<p>01.09 &#8211; 26.10    MIN 60 &#8211;  MAX 65 \u20ac<\/p>\n\n\n\n<p>27.10 &#8211; 31.10   MIN 75 \u20ac &#8211; MAX 85 \u20ac<\/p>\n\n\n\n<p>01.11 &#8211; 29.12    MIN 60 \u20ac &#8211; MAX 65 \u20ac<\/p>\n\n\n\n<p>30.12 &#8211; 01.01.27 MIN 65 \u20ac  &#8211; MAX 75 \u20ac<\/p>\n\n\n\n<p>Dreibetzimmer + 30 \u20ac<\/p>\n\n\n\n<p>Vierbettzimmer+ 25 \u20ac<\/p>\n\n\n\n<p>DOPPELNUTZUNG EINZEL 55 \u20ac DAS ZIMMER PRO NACHT MIT FR\u00dcHST\u00dcCK DAS GANZE JAHR<\/p>\n\n\n\n<h1 class=\"wp-block-heading\">Verg\u00fcnstigungen<\/h1>\n\n\n\n<p>&nbsp;Kinder BIS 3 Jahren Alt haben das ganze Jahr freie \u00dcbernachtung<\/p>\n\n\n\n<p>Kinder von 4 Jahren Bis 9 Jahren Alt -10%<\/p>\n\n\n\n<h2 class=\"wp-block-heading\">Buchung<\/h2>\n\n\n\n<p>Buchen Sie Ihr Zimmer unter info@sunrisebeb.com, \u00fcber das Buchungsformular auf meiner Homepage oder einfach per Telefon unter 0039 0584 975297 (bitte sprechen Sie Englisch.)<\/p>\n\n\n\n<h2 class=\"wp-block-heading\">Bezahlung<\/h2>\n\n\n\n<p>Wird eine volle Bezahlung fur 1 Ubernachtung verlangt<\/p>\n\n\n\n<p>Die Anzahlung betr\u00e4gt 30% der gesamten \u00dcbernachtungskosten.<br>Konnen Sie Bank\u00fcberweisung zu bezahlen.<br>Wenn die Anzahlung \u00fcberwiesen wurde, schicke ich Ihnen eine Buchungsbest\u00e4tigung per E-Mail. Bei Ihrer Ankunft zahlen Sie den Restbetrag in bar. Bitte beachten Sie, dass ich Kreditkarten akzeptiere.<\/p>\n\n\n\n<p><strong>Sondertarife f\u00fcr Langzeitaufenthalte<\/strong><\/p>\n\n\n\n<p><strong>Kreditkarten werden akzeptiert<\/strong><\/p>\n\n\n\n<p>Kurtaxe nicht inbegriffen 1,50 \u20ac pro Person und Tag bis zu 5 N\u00e4chte Aufenthalt<\/p>\n\n\n\n<h4 class=\"wp-block-heading\">R\u00fcckgaberecht<\/h4>\n\n\n\n<h5 class=\"wp-block-heading\">100% 15 Tage vor Anreise Nach dem Ankunftsdatum ist es m\u00f6glich<\/h5>\n\n\n\n<figure class=\"wp-block-gallery has-nested-images columns-default is-cropped wp-block-gallery-1 is-layout-flex wp-block-gallery-is-layout-flex\">\n<figure class=\"wp-block-image size-large\"><img decoding=\"async\" width=\"1024\" height=\"768\" data-id=\"7074\" src=\"https:\/\/sunrisebeb.com\/wp-content\/uploads\/2025\/05\/20240913_191823-1024x768.jpg\" alt=\"\" class=\"wp-image-7074\" srcset=\"https:\/\/sunrisebeb.com\/wp-content\/uploads\/2025\/05\/20240913_191823-1024x768.jpg 1024w, https:\/\/sunrisebeb.com\/wp-content\/uploads\/2025\/05\/20240913_191823-300x225.jpg 300w, https:\/\/sunrisebeb.com\/wp-content\/uploads\/2025\/05\/20240913_191823-768x576.jpg 768w, https:\/\/sunrisebeb.com\/wp-content\/uploads\/2025\/05\/20240913_191823-1536x1152.jpg 1536w, https:\/\/sunrisebeb.com\/wp-content\/uploads\/2025\/05\/20240913_191823-2048x1536.jpg 2048w, https:\/\/sunrisebeb.com\/wp-content\/uploads\/2025\/05\/20240913_191823-425x319.jpg 425w\" sizes=\"(max-width: 1024px) 100vw, 1024px\" \/><\/figure>\n\n\n\n<figure class=\"wp-block-image size-large\"><img decoding=\"async\" width=\"768\" height=\"1024\" data-id=\"5939\" src=\"https:\/\/sunrisebeb.com\/wp-content\/uploads\/2024\/01\/20220414_215433-768x1024.jpg\" alt=\"\" class=\"wp-image-5939\" srcset=\"https:\/\/sunrisebeb.com\/wp-content\/uploads\/2024\/01\/20220414_215433-768x1024.jpg 768w, https:\/\/sunrisebeb.com\/wp-content\/uploads\/2024\/01\/20220414_215433-225x300.jpg 225w, https:\/\/sunrisebeb.com\/wp-content\/uploads\/2024\/01\/20220414_215433-1152x1536.jpg 1152w, https:\/\/sunrisebeb.com\/wp-content\/uploads\/2024\/01\/20220414_215433-1536x2048.jpg 1536w, https:\/\/sunrisebeb.com\/wp-content\/uploads\/2024\/01\/20220414_215433-413x550.jpg 413w, https:\/\/sunrisebeb.com\/wp-content\/uploads\/2024\/01\/20220414_215433-scaled.jpg 1920w\" sizes=\"(max-width: 768px) 100vw, 768px\" \/><\/figure>\n\n\n\n<figure class=\"wp-block-image size-large\"><img decoding=\"async\" width=\"728\" height=\"1024\" data-id=\"4127\" src=\"https:\/\/sunrisebeb.com\/wp-content\/uploads\/2021\/03\/DSC0250-728x1024.jpg\" alt=\"\" class=\"wp-image-4127\" srcset=\"https:\/\/sunrisebeb.com\/wp-content\/uploads\/2021\/03\/DSC0250-728x1024.jpg 728w, https:\/\/sunrisebeb.com\/wp-content\/uploads\/2021\/03\/DSC0250-213x300.jpg 213w, https:\/\/sunrisebeb.com\/wp-content\/uploads\/2021\/03\/DSC0250-768x1080.jpg 768w, https:\/\/sunrisebeb.com\/wp-content\/uploads\/2021\/03\/DSC0250-1092x1536.jpg 1092w, https:\/\/sunrisebeb.com\/wp-content\/uploads\/2021\/03\/DSC0250-1456x2048.jpg 1456w, https:\/\/sunrisebeb.com\/wp-content\/uploads\/2021\/03\/DSC0250-391x550.jpg 391w, https:\/\/sunrisebeb.com\/wp-content\/uploads\/2021\/03\/DSC0250-scaled.jpg 1820w\" sizes=\"(max-width: 728px) 100vw, 728px\" \/><\/figure>\n\n\n\n<figure class=\"wp-block-image size-large\"><img decoding=\"async\" width=\"899\" height=\"600\" data-id=\"3427\" src=\"https:\/\/sunrisebeb.com\/wp-content\/uploads\/2020\/10\/Camera-n-2-Live.jpg\" alt=\"\" class=\"wp-image-3427\" srcset=\"https:\/\/sunrisebeb.com\/wp-content\/uploads\/2020\/10\/Camera-n-2-Live.jpg 899w, https:\/\/sunrisebeb.com\/wp-content\/uploads\/2020\/10\/Camera-n-2-Live-300x200.jpg 300w, https:\/\/sunrisebeb.com\/wp-content\/uploads\/2020\/10\/Camera-n-2-Live-768x513.jpg 768w, https:\/\/sunrisebeb.com\/wp-content\/uploads\/2020\/10\/Camera-n-2-Live-425x284.jpg 425w\" sizes=\"(max-width: 899px) 100vw, 899px\" \/><\/figure>\n<\/figure>\n","protected":false},"excerpt":{"rendered":"<p>Preise 2026 B&amp;B Sunrise Massarosa hat das ganze Jahr f\u00fcr Sie ge\u00f6ffnet. Alle Preise sind pro Tag und pro Zimmer angegeben; Fr\u00fchst\u00fcck und Klimaanlage inklusive. Zimmer mit eigenem Bad f\u00fcr eine Nacht Preise JAHR 2026 Preise Jahr 2026 DOPPELZIMMER 01.01 &#8211; 14.06 MIN 60 \u20ac &#8211; MAX 65 \u20ac 15.06 &#8211; 16.07 MIN 69 &#8211; MAX 75 \u20ac 17.07 &#8211; 06.08 MIN 70 \u20ac &#8211; MAX 75 \u20ac 07.08 &#8211; 22.08 MIN 75 &#8211; MAX 80 \u20ac 23.08 &#8211; 31.08 MIN 65 &#8211; MAX 70 \u20ac 01.09 &#8211; 26.10 MIN 60 &#8211; MAX 65 \u20ac 27.10 &#8211; 31.10 MIN 75 \u20ac &#8211; MAX 85 \u20ac<a class=\"more-link\" href=\"https:\/\/sunrisebeb.com\/de\/preise\/\">Read More &rarr;<\/a><\/p>\n","protected":false},"author":1,"featured_media":0,"parent":0,"menu_order":0,"comment_status":"closed","ping_status":"closed","template":"","meta":{"footnotes":""},"class_list":["entry","author-wp_1259183","post-2713","page","type-page","status-publish"],"_links":{"self":[{"href":"https:\/\/sunrisebeb.com\/de\/wp-json\/wp\/v2\/pages\/2713","targetHints":{"allow":["GET"]}}],"collection":[{"href":"https:\/\/sunrisebeb.com\/de\/wp-json\/wp\/v2\/pages"}],"about":[{"href":"https:\/\/sunrisebeb.com\/de\/wp-json\/wp\/v2\/types\/page"}],"author":[{"embeddable":true,"href":"https:\/\/sunrisebeb.com\/de\/wp-json\/wp\/v2\/users\/1"}],"replies":[{"embeddable":true,"href":"https:\/\/sunrisebeb.com\/de\/wp-json\/wp\/v2\/comments?post=2713"}],"version-history":[{"count":38,"href":"https:\/\/sunrisebeb.com\/de\/wp-json\/wp\/v2\/pages\/2713\/revisions"}],"predecessor-version":[{"id":7732,"href":"https:\/\/sunrisebeb.com\/de\/wp-json\/wp\/v2\/pages\/2713\/revisions\/7732"}],"wp:attachment":[{"href":"https:\/\/sunrisebeb.com\/de\/wp-json\/wp\/v2\/media?parent=2713"}],"curies":[{"name":"wp","href":"https:\/\/api.w.org\/{rel}","templated":true}]}}