{"id":3798,"date":"2021-02-23T22:54:08","date_gmt":"2021-02-23T22:54:08","guid":{"rendered":"https:\/\/sunrisebeb.com\/?page_id=3798"},"modified":"2021-02-23T22:56:06","modified_gmt":"2021-02-23T22:56:06","slug":"jardin","status":"publish","type":"page","link":"https:\/\/sunrisebeb.com\/fr\/services-offerts\/jardin\/","title":{"rendered":"Jardin"},"content":{"rendered":"\n<figure class=\"wp-block-image size-large\"><img decoding=\"async\" width=\"1024\" height=\"732\" src=\"https:\/\/sunrisebeb.com\/wp-content\/uploads\/2020\/10\/Giardino-1024x732.jpg\" alt=\"\" class=\"wp-image-3462\" srcset=\"https:\/\/sunrisebeb.com\/wp-content\/uploads\/2020\/10\/Giardino-1024x732.jpg 1024w, https:\/\/sunrisebeb.com\/wp-content\/uploads\/2020\/10\/Giardino-300x215.jpg 300w, https:\/\/sunrisebeb.com\/wp-content\/uploads\/2020\/10\/Giardino-768x549.jpg 768w, https:\/\/sunrisebeb.com\/wp-content\/uploads\/2020\/10\/Giardino-1536x1099.jpg 1536w, https:\/\/sunrisebeb.com\/wp-content\/uploads\/2020\/10\/Giardino-425x304.jpg 425w, https:\/\/sunrisebeb.com\/wp-content\/uploads\/2020\/10\/Giardino.jpg 1735w\" sizes=\"(max-width: 1024px) 100vw, 1024px\" \/><\/figure>\n\n\n\n<h2 class=\"wp-block-heading\">Le jardin du B&amp;B Sunrise est confortable et offre intimit\u00e9 et s\u00e9curit\u00e9. Avec un patio en bois entour\u00e9 de fleurs de citron et de jasmin, il fait frais en \u00e9t\u00e9<\/h2>\n","protected":false},"excerpt":{"rendered":"<p>Le jardin du B&amp;B Sunrise est confortable et offre intimit\u00e9 et s\u00e9curit\u00e9. Avec un patio en bois entour\u00e9 de fleurs de citron et de jasmin, il fait frais en \u00e9t\u00e9<a class=\"more-link\" href=\"https:\/\/sunrisebeb.com\/fr\/services-offerts\/jardin\/\">Read More &rarr;<\/a><\/p>\n","protected":false},"author":1,"featured_media":0,"parent":2447,"menu_order":7,"comment_status":"closed","ping_status":"closed","template":"","meta":{"footnotes":""},"class_list":["entry","author-wp_1259183","post-3798","page","type-page","status-publish"],"_links":{"self":[{"href":"https:\/\/sunrisebeb.com\/fr\/wp-json\/wp\/v2\/pages\/3798","targetHints":{"allow":["GET"]}}],"collection":[{"href":"https:\/\/sunrisebeb.com\/fr\/wp-json\/wp\/v2\/pages"}],"about":[{"href":"https:\/\/sunrisebeb.com\/fr\/wp-json\/wp\/v2\/types\/page"}],"author":[{"embeddable":true,"href":"https:\/\/sunrisebeb.com\/fr\/wp-json\/wp\/v2\/users\/1"}],"replies":[{"embeddable":true,"href":"https:\/\/sunrisebeb.com\/fr\/wp-json\/wp\/v2\/comments?post=3798"}],"version-history":[{"count":0,"href":"https:\/\/sunrisebeb.com\/fr\/wp-json\/wp\/v2\/pages\/3798\/revisions"}],"up":[{"embeddable":true,"href":"https:\/\/sunrisebeb.com\/fr\/wp-json\/wp\/v2\/pages\/2447"}],"wp:attachment":[{"href":"https:\/\/sunrisebeb.com\/fr\/wp-json\/wp\/v2\/media?parent=3798"}],"curies":[{"name":"wp","href":"https:\/\/api.w.org\/{rel}","templated":true}]}}