{"id":4321,"date":"2021-04-28T16:40:04","date_gmt":"2021-04-28T16:40:04","guid":{"rendered":"https:\/\/sunrisebeb.com\/?page_id=4321"},"modified":"2023-02-22T12:39:46","modified_gmt":"2023-02-22T12:39:46","slug":"paiements","status":"publish","type":"page","link":"https:\/\/sunrisebeb.com\/fr\/paiements\/","title":{"rendered":"Paiements"},"content":{"rendered":"\n<p>Sur la page des paiements, je vous demande d&rsquo;envoyer un e-mail pour r\u00e9server. <\/p>\n\n\n\n<p>Vous pouvez effectuer un virement bancaire ou utiliser Paypal pour confirmer la r\u00e9servation <\/p>\n\n\n\n<p>Habituellement, je demande une avance de 30% du  total du s\u00e9jour<\/p>\n\n\n\n<p> La r\u00e9servation est confirm\u00e9e d\u00e8s r\u00e9ception du paiement.<\/p>\n\n\n<p class=\"wpcf7-contact-form-not-found\"><strong>Erreur\u00a0:<\/strong> Formulaire de contact non trouv\u00e9\u00a0!<\/p>\n\n\n\n<p id=\"tw-target-text\">Conditions d&rsquo;annulation<\/p>\n\n\n\n<p id=\"tw-target-text\"> Remboursement \u00e0 100% 10 jours avant le jour d&rsquo;arriv\u00e9e <\/p>\n\n\n\n<p id=\"tw-target-text\">Ou apr\u00e8s 10 jours, vous pouvez utiliser le compte dans les 6 mois suivant le jour d&rsquo;arriv\u00e9e<\/p>\n","protected":false},"excerpt":{"rendered":"<p>Sur la page des paiements, je vous demande d&rsquo;envoyer un e-mail pour r\u00e9server. Vous pouvez effectuer un virement bancaire ou utiliser Paypal pour confirmer la r\u00e9servation Habituellement, je demande une avance de 30% du total du s\u00e9jour La r\u00e9servation est confirm\u00e9e d\u00e8s r\u00e9ception du paiement. Conditions d&rsquo;annulation Remboursement \u00e0 100% 10 jours avant le jour d&rsquo;arriv\u00e9e Ou apr\u00e8s 10 jours, vous pouvez utiliser le compte dans les 6 mois suivant le jour d&rsquo;arriv\u00e9e<a class=\"more-link\" href=\"https:\/\/sunrisebeb.com\/fr\/paiements\/\">Read More &rarr;<\/a><\/p>\n","protected":false},"author":1,"featured_media":0,"parent":0,"menu_order":0,"comment_status":"closed","ping_status":"closed","template":"","meta":{"footnotes":""},"class_list":["entry","author-wp_1259183","post-4321","page","type-page","status-publish"],"_links":{"self":[{"href":"https:\/\/sunrisebeb.com\/fr\/wp-json\/wp\/v2\/pages\/4321","targetHints":{"allow":["GET"]}}],"collection":[{"href":"https:\/\/sunrisebeb.com\/fr\/wp-json\/wp\/v2\/pages"}],"about":[{"href":"https:\/\/sunrisebeb.com\/fr\/wp-json\/wp\/v2\/types\/page"}],"author":[{"embeddable":true,"href":"https:\/\/sunrisebeb.com\/fr\/wp-json\/wp\/v2\/users\/1"}],"replies":[{"embeddable":true,"href":"https:\/\/sunrisebeb.com\/fr\/wp-json\/wp\/v2\/comments?post=4321"}],"version-history":[{"count":3,"href":"https:\/\/sunrisebeb.com\/fr\/wp-json\/wp\/v2\/pages\/4321\/revisions"}],"predecessor-version":[{"id":5497,"href":"https:\/\/sunrisebeb.com\/fr\/wp-json\/wp\/v2\/pages\/4321\/revisions\/5497"}],"wp:attachment":[{"href":"https:\/\/sunrisebeb.com\/fr\/wp-json\/wp\/v2\/media?parent=4321"}],"curies":[{"name":"wp","href":"https:\/\/api.w.org\/{rel}","templated":true}]}}